{"id":3,"date":"2024-01-22T12:52:07","date_gmt":"2024-01-22T12:52:07","guid":{"rendered":"https:\/\/dentaltime.hr\/?page_id=3"},"modified":"2025-10-15T12:20:27","modified_gmt":"2025-10-15T11:20:27","slug":"pravila-o-kolacicima","status":"publish","type":"page","link":"https:\/\/dentalteh.hr\/en\/pravila-o-kolacicima\/","title":{"rendered":"Pravila o kola\u010di\u0107ima"},"content":{"rendered":"<p>Tko smo mi<\/p>\n\n\n\n<p>Mi smo Privatni dentalni laboratorij Dentalteh. Na\u0161a web adresa je: <a href=\"https:\/\/dentaltime.hr\/\">https:\/\/dentaltime.hr<\/a>.<\/p>\n\n\n\n<p>Komentari<\/p>\n\n\n\n<p> Kada posjetitelji ostave komentare na web stranici, prikupljamo podatke prikazane u obrascu za komentare, kao i IP adresu posjetitelja i niz korisni\u010dkog agenta preglednika radi detekcije spama.<\/p>\n\n\n\n<p><\/p>\n\n\n\n<p class=\"has-ast-global-color-2-color has-text-color has-link-color wp-elements-6cb5326d6e693cbbdafda91859965c08\"><strong>Medijski sadr\u017eaji<\/strong><\/p>\n\n\n\n<p>Ako prenesete slike na web mjesto, trebali biste izbjegavati u\u010ditavanje slika s ugra\u0111enim podacima o lokaciji (EXIF GPS). Posjetitelji web mjesta mogu preuzeti i izvu\u0107i bilo koje podatke o lokaciji iz slika na web mjestu.<\/p>\n\n\n\n<p><strong>Kola\u010di\u0107i<\/strong><\/p>\n\n\n\n<p> Ako ostavite komentar na na\u0161em web mjestu, mo\u017eete se prijaviti za spremanje va\u0161eg imena, e-mail adrese i web mjesta u kola\u010di\u0107e. To je za va\u0161u prakti\u010dnost kako ne biste morali ponovno popunjavati svoje podatke kada ostavite drugi komentar. Ti kola\u010di\u0107i trajat \u0107e godinu dana.<\/p>\n\n\n\n<p>Ako posjetite na\u0161u prijavnu stranicu, postavit \u0107emo privremeni kola\u010di\u0107 kako bismo utvrdili prihva\u0107ate li kola\u010di\u0107e. Ovaj kola\u010di\u0107 ne sadr\u017ei osobne podatke i odbacuje se kada zatvorite svoj preglednik.<\/p>\n\n\n\n<p>Kada se prijavite, tako\u0111er \u0107emo postaviti nekoliko kola\u010di\u0107a kako bismo spremili informacije o prijavi i va\u0161im opcijama prikaza ekrana. Kola\u010di\u0107i prijave traju dva dana, a kola\u010di\u0107i opcija ekrana traju godinu dana. Ako odaberete &#8220;Zapamti me&#8221;, va\u0161a prijava trajat \u0107e dva tjedna. Ako se odjavite s ra\u010duna, kola\u010di\u0107i prijave bit \u0107e uklonjeni.<\/p>\n\n\n\n<p>Ako ure\u0111ujete ili objavljujete \u010dlanak, u pregledniku \u0107e se spremiti dodatni kola\u010di\u0107. Taj kola\u010di\u0107 ne sadr\u017ei osobne podatke i jednostavno ozna\u010dava ID \u010dlanka koji ste upravo uredili. Isti\u010de nakon 1 dana.<\/p>\n\n\n\n<p><strong>Ugra\u0111eni sadr\u017eaj s drugih web mjesta<\/strong><\/p>\n\n\n\n<p> \u010clanci na ovom mjestu mogu uklju\u010divati ugra\u0111eni sadr\u017eaj (npr. videozapise, slike, \u010dlanke itd.). Ugra\u0111eni sadr\u017eaj s drugih web mjesta pona\u0161a se na isti na\u010din kao da je posjetitelj posjetio drugo web mjesto.<\/p>\n\n\n\n<p>Ova web mjesta mogu prikupljati podatke o vama, koristiti kola\u010di\u0107e, ugraditi dodatno pra\u0107enje tre\u0107e strane i pratiti va\u0161u interakciju s tim ugra\u0111enim sadr\u017eajem, uklju\u010duju\u0107i pra\u0107enje va\u0161e interakcije s ugra\u0111enim sadr\u017eajem ako imate ra\u010dun i prijavljeni ste na to web mjesto.<\/p>\n\n\n\n<p>S kim dijelimo va\u0161e podatke<\/p>\n\n\n\n<p>Ako zatra\u017eite ponovno postavljanje lozinke, va\u0161a IP adresa bit \u0107e uklju\u010dena u e-po\u0161tu za ponovno postavljanje.<\/p>\n\n\n\n<p><strong>Koliko dugo zadr\u017eavamo va\u0161e podatke<\/strong><\/p>\n\n\n\n<p> Ako ostavite komentar, komentar i njegovi metapodaci zadr\u017eavaju se neograni\u010deno vrijeme. To je kako bismo automatski prepoznali i odobrili bilo kakve automatske komentare umjesto da ih zadr\u017eavamo u redoslijedu za odobrenje.<\/p>\n\n\n\n<p>Za korisnike koji se registriraju na na\u0161oj web stranici (ako ih ima), tako\u0111er pohranjujemo osobne informacije koje pru\u017ee u svojem korisni\u010dkom profilu. Svi korisnici mogu vidjeti, ure\u0111ivati \u200b\u200bili izbrisati svoje osobne informacije u bilo koje vrijeme (osim \u0161to ne mogu promijeniti svoje korisni\u010dko ime). Administratori web stranice tako\u0111er mogu vidjeti i urediti te informacije.<\/p>\n\n\n\n<p><strong>Koja prava imate nad svojim podacima<\/strong><\/p>\n\n\n\n<p>Ako imate ra\u010dun na ovom mjestu ili ste ostavili komentare, mo\u017eete zatra\u017eiti primanje izvezene datoteke osobnih podataka koje \u010duvamo o vama, uklju\u010duju\u0107i sve podatke koje ste nam pru\u017eili. Tako\u0111er mo\u017eete zatra\u017eiti brisanje svih osobnih podataka koje \u010duvamo o vama. To ne uklju\u010duje podatke koje smo du\u017eni \u010duvati iz administrativnih, pravnih ili sigurnosnih razloga.<\/p>\n\n\n\n<p><strong>Gdje se \u0161alju va\u0161i podaci<\/strong><\/p>\n\n\n\n<p>Komentari posjetitelja mogu se provjeriti putem automatizirane usluge za otkrivanje spama.<\/p>","protected":false},"excerpt":{"rendered":"<p>Tko smo mi Mi smo Privatni dentalni laboratorij Dentalteh. Na\u0161a web adresa je: https:\/\/dentaltime.hr. Komentari Kada posjetitelji ostave komentare na web stranici, prikupljamo podatke prikazane u obrascu za komentare, kao i IP adresu posjetitelja i niz korisni\u010dkog agenta preglednika radi detekcije spama. Medijski sadr\u017eaji Ako prenesete slike na web mjesto, trebali biste izbjegavati u\u010ditavanje slika [&hellip;]<\/p>\n","protected":false},"author":1,"featured_media":0,"parent":0,"menu_order":0,"comment_status":"closed","ping_status":"closed","template":"","meta":{"site-sidebar-layout":"default","site-content-layout":"","ast-site-content-layout":"default","site-content-style":"default","site-sidebar-style":"default","ast-global-header-display":"","ast-banner-title-visibility":"","ast-main-header-display":"","ast-hfb-above-header-display":"","ast-hfb-below-header-display":"","ast-hfb-mobile-header-display":"","site-post-title":"","ast-breadcrumbs-content":"","ast-featured-img":"","footer-sml-layout":"","ast-disable-related-posts":"","theme-transparent-header-meta":"","adv-header-id-meta":"","stick-header-meta":"","header-above-stick-meta":"","header-main-stick-meta":"","header-below-stick-meta":"","astra-migrate-meta-layouts":"set","ast-page-background-enabled":"default","ast-page-background-meta":{"desktop":{"background-color":"","background-image":"","background-repeat":"repeat","background-position":"center center","background-size":"auto","background-attachment":"scroll","background-type":"","background-media":"","overlay-type":"","overlay-color":"","overlay-opacity":"","overlay-gradient":""},"tablet":{"background-color":"","background-image":"","background-repeat":"repeat","background-position":"center center","background-size":"auto","background-attachment":"scroll","background-type":"","background-media":"","overlay-type":"","overlay-color":"","overlay-opacity":"","overlay-gradient":""},"mobile":{"background-color":"","background-image":"","background-repeat":"repeat","background-position":"center center","background-size":"auto","background-attachment":"scroll","background-type":"","background-media":"","overlay-type":"","overlay-color":"","overlay-opacity":"","overlay-gradient":""}},"ast-content-background-meta":{"desktop":{"background-color":"var(--ast-global-color-5)","background-image":"","background-repeat":"repeat","background-position":"center center","background-size":"auto","background-attachment":"scroll","background-type":"","background-media":"","overlay-type":"","overlay-color":"","overlay-opacity":"","overlay-gradient":""},"tablet":{"background-color":"var(--ast-global-color-5)","background-image":"","background-repeat":"repeat","background-position":"center center","background-size":"auto","background-attachment":"scroll","background-type":"","background-media":"","overlay-type":"","overlay-color":"","overlay-opacity":"","overlay-gradient":""},"mobile":{"background-color":"var(--ast-global-color-5)","background-image":"","background-repeat":"repeat","background-position":"center center","background-size":"auto","background-attachment":"scroll","background-type":"","background-media":"","overlay-type":"","overlay-color":"","overlay-opacity":"","overlay-gradient":""}},"footnotes":""},"class_list":["post-3","page","type-page","status-publish","hentry"],"_links":{"self":[{"href":"https:\/\/dentalteh.hr\/en\/wp-json\/wp\/v2\/pages\/3","targetHints":{"allow":["GET"]}}],"collection":[{"href":"https:\/\/dentalteh.hr\/en\/wp-json\/wp\/v2\/pages"}],"about":[{"href":"https:\/\/dentalteh.hr\/en\/wp-json\/wp\/v2\/types\/page"}],"author":[{"embeddable":true,"href":"https:\/\/dentalteh.hr\/en\/wp-json\/wp\/v2\/users\/1"}],"replies":[{"embeddable":true,"href":"https:\/\/dentalteh.hr\/en\/wp-json\/wp\/v2\/comments?post=3"}],"version-history":[{"count":1,"href":"https:\/\/dentalteh.hr\/en\/wp-json\/wp\/v2\/pages\/3\/revisions"}],"predecessor-version":[{"id":3476,"href":"https:\/\/dentalteh.hr\/en\/wp-json\/wp\/v2\/pages\/3\/revisions\/3476"}],"wp:attachment":[{"href":"https:\/\/dentalteh.hr\/en\/wp-json\/wp\/v2\/media?parent=3"}],"curies":[{"name":"wp","href":"https:\/\/api.w.org\/{rel}","templated":true}]}}